{"id":20,"date":"2022-05-13T07:04:42","date_gmt":"2022-05-13T07:04:42","guid":{"rendered":"https:\/\/probatum-sun.de\/?page_id=20"},"modified":"2022-10-19T07:47:31","modified_gmt":"2022-10-19T07:47:31","slug":"impressum","status":"publish","type":"page","link":"https:\/\/probatum-sun.de\/index.php\/impressum\/","title":{"rendered":"Impressum"},"content":{"rendered":"\t\t<div data-elementor-type=\"wp-page\" data-elementor-id=\"20\" class=\"elementor elementor-20\" data-elementor-post-type=\"page\">\n\t\t\t\t\t\t<section class=\"elementor-section elementor-top-section elementor-element elementor-element-341522a elementor-section-boxed elementor-section-height-default elementor-section-height-default\" data-id=\"341522a\" data-element_type=\"section\" data-e-type=\"section\" data-settings=\"{&quot;background_background&quot;:&quot;classic&quot;}\">\n\t\t\t\t\t\t\t<div class=\"elementor-background-overlay\"><\/div>\n\t\t\t\t\t\t\t<div class=\"elementor-container elementor-column-gap-default\">\n\t\t\t\t\t<div class=\"elementor-column elementor-col-100 elementor-top-column elementor-element elementor-element-ec42391\" data-id=\"ec42391\" data-element_type=\"column\" data-e-type=\"column\">\n\t\t\t<div class=\"elementor-widget-wrap elementor-element-populated\">\n\t\t\t\t\t\t<div class=\"elementor-element elementor-element-fd8e484 elementor-widget elementor-widget-heading\" data-id=\"fd8e484\" data-element_type=\"widget\" data-e-type=\"widget\" data-widget_type=\"heading.default\">\n\t\t\t\t<div class=\"elementor-widget-container\">\n\t\t\t\t\t<h1 class=\"elementor-heading-title elementor-size-default\">Impressum<\/h1>\t\t\t\t<\/div>\n\t\t\t\t<\/div>\n\t\t\t\t\t<\/div>\n\t\t<\/div>\n\t\t\t\t\t<\/div>\n\t\t<\/section>\n\t\t\t\t<section class=\"elementor-section elementor-top-section elementor-element elementor-element-6608254 elementor-reverse-tablet elementor-reverse-mobile elementor-section-boxed elementor-section-height-default elementor-section-height-default\" data-id=\"6608254\" data-element_type=\"section\" data-e-type=\"section\">\n\t\t\t\t\t\t<div class=\"elementor-container elementor-column-gap-default\">\n\t\t\t\t\t<div class=\"elementor-column elementor-col-100 elementor-top-column elementor-element elementor-element-1367e78\" data-id=\"1367e78\" data-element_type=\"column\" data-e-type=\"column\">\n\t\t\t<div class=\"elementor-widget-wrap elementor-element-populated\">\n\t\t\t\t\t\t<div class=\"elementor-element elementor-element-1c24dc6 elementor-widget elementor-widget-text-editor\" data-id=\"1c24dc6\" data-element_type=\"widget\" data-e-type=\"widget\" data-widget_type=\"text-editor.default\">\n\t\t\t\t<div class=\"elementor-widget-container\">\n\t\t\t\t\t\t\t\t\t<div data-id=\"36c8a903\" data-element_type=\"widget\" data-widget_type=\"heading.default\"><p class=\"p1\">Dieses Impressum und die Datenschutzerkl\u00e4rung gelten auch f\u00fcr unsere Webauftritte in sozialen Medien, wie z.B. Facebook.<\/p><p class=\"p1\"><b>Angaben gem\u00e4\u00df \u00a7 5 TMG<\/b><\/p><p class=\"p1\">Probatum Sun GmbH<br \/>Haidersberg 9<br \/>94339 Leiblfing<\/p><p class=\"p1\">Gesch\u00e4ftsf\u00fchrer Mario Hemmerich<\/p><p class=\"p1\">eingetragen in Handelsregister des Amtsgerichts Straubing, HRB 11470<\/p><p class=\"p1\"><b>Kontakt<\/b><\/p><p class=\"p1\">Telefon: 09427 9591430<br \/>E-Mail: <a href=\"mailto:info@probatum-sun.de\"><span class=\"s1\">info@probatum-sun.de<\/span><\/a><span class=\"Apple-converted-space\">\u00a0<\/span><\/p><p class=\"p1\"><b>EU-Streitschlichtung und Hinweise nach VSBG<\/b><\/p><p class=\"p1\">Die Europ\u00e4ische Kommission stellt eine Plattform f\u00fcr die au\u00dfergerichtliche Online-Streitbeilegung (OS-Plattform) bereit, die unter <a href=\"https:\/\/ec.europa.eu\/odr%2520\"><span class=\"s1\">https:\/\/ec.europa.eu\/odr<\/span><\/a> aufrufbar ist.<span class=\"Apple-converted-space\">\u00a0<\/span><\/p><p class=\"p1\">Wir nehmen nicht an einem Streitbeilegungsverfahren vor einer Verbraucherschlichtungsstelle teil und sind hierzu auch nicht verpflichtet.<\/p><p class=\"p1\"><b>Konzeption, Programmierung und Wartung<\/b><\/p><p class=\"p1\">AW Marketingservice<br \/>Alexandra Walter<br \/>Europaring 4, TGZ<br \/>94315 Straubing<\/p><p class=\"p1\"><span class=\"s1\"><a href=\"mailto:info@aw-marketingservice.de\">info@aw-marketingservice.de<\/a><\/span> <br \/><span class=\"s1\"><a href=\"http:\/\/www.aw-marketingservice.de\">www.aw-marketingservice.de<\/a><\/span><span class=\"Apple-converted-space\">\u00a0<\/span><\/p><p class=\"p1\">Quellenangaben f\u00fcr die verwendeten Bilder, Grafiken &amp; Videos:<\/p><ul><li>Eigene Bilder<\/li><li>Shutterstock<\/li><li>Envato Elements<\/li><\/ul><\/div>\t\t\t\t\t\t\t\t<\/div>\n\t\t\t\t<\/div>\n\t\t\t\t\t<\/div>\n\t\t<\/div>\n\t\t\t\t\t<\/div>\n\t\t<\/section>\n\t\t\t\t<\/div>\n\t\t","protected":false},"excerpt":{"rendered":"<p>Impressum Dieses Impressum und die Datenschutzerkl\u00e4rung gelten auch f\u00fcr unsere Webauftritte in sozialen Medien, wie z.B. Facebook. Angaben gem\u00e4\u00df \u00a7 5 TMG Probatum Sun GmbHHaidersberg 994339 Leiblfing Gesch\u00e4ftsf\u00fchrer Mario Hemmerich eingetragen in Handelsregister des Amtsgerichts Straubing, HRB 11470 Kontakt Telefon: 09427 9591430E-Mail: info@probatum-sun.de\u00a0 EU-Streitschlichtung und Hinweise nach VSBG Die Europ\u00e4ische Kommission stellt eine Plattform f\u00fcr [&hellip;]<\/p>\n","protected":false},"author":1,"featured_media":0,"parent":0,"menu_order":0,"comment_status":"closed","ping_status":"closed","template":"elementor_header_footer","meta":{"footnotes":""},"class_list":["post-20","page","type-page","status-publish","hentry"],"yoast_head":"<!-- This site is optimized with the Yoast SEO plugin v27.5 - https:\/\/yoast.com\/product\/yoast-seo-wordpress\/ -->\n<title>Impressum - Probatum Sun<\/title>\n<meta name=\"robots\" content=\"index, follow, max-snippet:-1, max-image-preview:large, max-video-preview:-1\" \/>\n<link rel=\"canonical\" href=\"https:\/\/probatum-sun.de\/index.php\/impressum\/\" \/>\n<meta property=\"og:locale\" content=\"de_DE\" \/>\n<meta property=\"og:type\" content=\"article\" \/>\n<meta property=\"og:title\" content=\"Impressum - Probatum Sun\" \/>\n<meta property=\"og:description\" content=\"Impressum Dieses Impressum und die Datenschutzerkl\u00e4rung gelten auch f\u00fcr unsere Webauftritte in sozialen Medien, wie z.B. Facebook. Angaben gem\u00e4\u00df \u00a7 5 TMG Probatum Sun GmbHHaidersberg 994339 Leiblfing Gesch\u00e4ftsf\u00fchrer Mario Hemmerich eingetragen in Handelsregister des Amtsgerichts Straubing, HRB 11470 Kontakt Telefon: 09427 9591430E-Mail: info@probatum-sun.de\u00a0 EU-Streitschlichtung und Hinweise nach VSBG Die Europ\u00e4ische Kommission stellt eine Plattform f\u00fcr [&hellip;]\" \/>\n<meta property=\"og:url\" content=\"https:\/\/probatum-sun.de\/index.php\/impressum\/\" \/>\n<meta property=\"og:site_name\" content=\"Probatum Sun\" \/>\n<meta property=\"article:modified_time\" content=\"2022-10-19T07:47:31+00:00\" \/>\n<meta name=\"twitter:card\" content=\"summary_large_image\" \/>\n<meta name=\"twitter:label1\" content=\"Gesch\u00e4tzte Lesezeit\" \/>\n\t<meta name=\"twitter:data1\" content=\"1\u00a0Minute\" \/>\n<script type=\"application\/ld+json\" class=\"yoast-schema-graph\">{\"@context\":\"https:\\\/\\\/schema.org\",\"@graph\":[{\"@type\":\"WebPage\",\"@id\":\"https:\\\/\\\/probatum-sun.de\\\/index.php\\\/impressum\\\/\",\"url\":\"https:\\\/\\\/probatum-sun.de\\\/index.php\\\/impressum\\\/\",\"name\":\"Impressum - Probatum Sun\",\"isPartOf\":{\"@id\":\"https:\\\/\\\/probatum-sun.de\\\/#website\"},\"datePublished\":\"2022-05-13T07:04:42+00:00\",\"dateModified\":\"2022-10-19T07:47:31+00:00\",\"breadcrumb\":{\"@id\":\"https:\\\/\\\/probatum-sun.de\\\/index.php\\\/impressum\\\/#breadcrumb\"},\"inLanguage\":\"de\",\"potentialAction\":[{\"@type\":\"ReadAction\",\"target\":[\"https:\\\/\\\/probatum-sun.de\\\/index.php\\\/impressum\\\/\"]}]},{\"@type\":\"BreadcrumbList\",\"@id\":\"https:\\\/\\\/probatum-sun.de\\\/index.php\\\/impressum\\\/#breadcrumb\",\"itemListElement\":[{\"@type\":\"ListItem\",\"position\":1,\"name\":\"Startseite\",\"item\":\"https:\\\/\\\/probatum-sun.de\\\/\"},{\"@type\":\"ListItem\",\"position\":2,\"name\":\"Impressum\"}]},{\"@type\":\"WebSite\",\"@id\":\"https:\\\/\\\/probatum-sun.de\\\/#website\",\"url\":\"https:\\\/\\\/probatum-sun.de\\\/\",\"name\":\"Probatum Sun\",\"description\":\"Photovoltaik in Straubing.\",\"publisher\":{\"@id\":\"https:\\\/\\\/probatum-sun.de\\\/#organization\"},\"potentialAction\":[{\"@type\":\"SearchAction\",\"target\":{\"@type\":\"EntryPoint\",\"urlTemplate\":\"https:\\\/\\\/probatum-sun.de\\\/?s={search_term_string}\"},\"query-input\":{\"@type\":\"PropertyValueSpecification\",\"valueRequired\":true,\"valueName\":\"search_term_string\"}}],\"inLanguage\":\"de\"},{\"@type\":\"Organization\",\"@id\":\"https:\\\/\\\/probatum-sun.de\\\/#organization\",\"name\":\"Probatum Sun\",\"url\":\"https:\\\/\\\/probatum-sun.de\\\/\",\"logo\":{\"@type\":\"ImageObject\",\"inLanguage\":\"de\",\"@id\":\"https:\\\/\\\/probatum-sun.de\\\/#\\\/schema\\\/logo\\\/image\\\/\",\"url\":\"https:\\\/\\\/probatum-sun.de\\\/wp-content\\\/uploads\\\/2022\\\/05\\\/ProbatumSun_energy_logo.svg\",\"contentUrl\":\"https:\\\/\\\/probatum-sun.de\\\/wp-content\\\/uploads\\\/2022\\\/05\\\/ProbatumSun_energy_logo.svg\",\"width\":878,\"height\":376,\"caption\":\"Probatum Sun\"},\"image\":{\"@id\":\"https:\\\/\\\/probatum-sun.de\\\/#\\\/schema\\\/logo\\\/image\\\/\"}}]}<\/script>\n<!-- \/ Yoast SEO plugin. -->","yoast_head_json":{"title":"Impressum - Probatum Sun","robots":{"index":"index","follow":"follow","max-snippet":"max-snippet:-1","max-image-preview":"max-image-preview:large","max-video-preview":"max-video-preview:-1"},"canonical":"https:\/\/probatum-sun.de\/index.php\/impressum\/","og_locale":"de_DE","og_type":"article","og_title":"Impressum - Probatum Sun","og_description":"Impressum Dieses Impressum und die Datenschutzerkl\u00e4rung gelten auch f\u00fcr unsere Webauftritte in sozialen Medien, wie z.B. Facebook. Angaben gem\u00e4\u00df \u00a7 5 TMG Probatum Sun GmbHHaidersberg 994339 Leiblfing Gesch\u00e4ftsf\u00fchrer Mario Hemmerich eingetragen in Handelsregister des Amtsgerichts Straubing, HRB 11470 Kontakt Telefon: 09427 9591430E-Mail: info@probatum-sun.de\u00a0 EU-Streitschlichtung und Hinweise nach VSBG Die Europ\u00e4ische Kommission stellt eine Plattform f\u00fcr [&hellip;]","og_url":"https:\/\/probatum-sun.de\/index.php\/impressum\/","og_site_name":"Probatum Sun","article_modified_time":"2022-10-19T07:47:31+00:00","twitter_card":"summary_large_image","twitter_misc":{"Gesch\u00e4tzte Lesezeit":"1\u00a0Minute"},"schema":{"@context":"https:\/\/schema.org","@graph":[{"@type":"WebPage","@id":"https:\/\/probatum-sun.de\/index.php\/impressum\/","url":"https:\/\/probatum-sun.de\/index.php\/impressum\/","name":"Impressum - Probatum Sun","isPartOf":{"@id":"https:\/\/probatum-sun.de\/#website"},"datePublished":"2022-05-13T07:04:42+00:00","dateModified":"2022-10-19T07:47:31+00:00","breadcrumb":{"@id":"https:\/\/probatum-sun.de\/index.php\/impressum\/#breadcrumb"},"inLanguage":"de","potentialAction":[{"@type":"ReadAction","target":["https:\/\/probatum-sun.de\/index.php\/impressum\/"]}]},{"@type":"BreadcrumbList","@id":"https:\/\/probatum-sun.de\/index.php\/impressum\/#breadcrumb","itemListElement":[{"@type":"ListItem","position":1,"name":"Startseite","item":"https:\/\/probatum-sun.de\/"},{"@type":"ListItem","position":2,"name":"Impressum"}]},{"@type":"WebSite","@id":"https:\/\/probatum-sun.de\/#website","url":"https:\/\/probatum-sun.de\/","name":"Probatum Sun","description":"Photovoltaik in Straubing.","publisher":{"@id":"https:\/\/probatum-sun.de\/#organization"},"potentialAction":[{"@type":"SearchAction","target":{"@type":"EntryPoint","urlTemplate":"https:\/\/probatum-sun.de\/?s={search_term_string}"},"query-input":{"@type":"PropertyValueSpecification","valueRequired":true,"valueName":"search_term_string"}}],"inLanguage":"de"},{"@type":"Organization","@id":"https:\/\/probatum-sun.de\/#organization","name":"Probatum Sun","url":"https:\/\/probatum-sun.de\/","logo":{"@type":"ImageObject","inLanguage":"de","@id":"https:\/\/probatum-sun.de\/#\/schema\/logo\/image\/","url":"https:\/\/probatum-sun.de\/wp-content\/uploads\/2022\/05\/ProbatumSun_energy_logo.svg","contentUrl":"https:\/\/probatum-sun.de\/wp-content\/uploads\/2022\/05\/ProbatumSun_energy_logo.svg","width":878,"height":376,"caption":"Probatum Sun"},"image":{"@id":"https:\/\/probatum-sun.de\/#\/schema\/logo\/image\/"}}]}},"_links":{"self":[{"href":"https:\/\/probatum-sun.de\/index.php\/wp-json\/wp\/v2\/pages\/20","targetHints":{"allow":["GET"]}}],"collection":[{"href":"https:\/\/probatum-sun.de\/index.php\/wp-json\/wp\/v2\/pages"}],"about":[{"href":"https:\/\/probatum-sun.de\/index.php\/wp-json\/wp\/v2\/types\/page"}],"author":[{"embeddable":true,"href":"https:\/\/probatum-sun.de\/index.php\/wp-json\/wp\/v2\/users\/1"}],"replies":[{"embeddable":true,"href":"https:\/\/probatum-sun.de\/index.php\/wp-json\/wp\/v2\/comments?post=20"}],"version-history":[{"count":5,"href":"https:\/\/probatum-sun.de\/index.php\/wp-json\/wp\/v2\/pages\/20\/revisions"}],"predecessor-version":[{"id":1329,"href":"https:\/\/probatum-sun.de\/index.php\/wp-json\/wp\/v2\/pages\/20\/revisions\/1329"}],"wp:attachment":[{"href":"https:\/\/probatum-sun.de\/index.php\/wp-json\/wp\/v2\/media?parent=20"}],"curies":[{"name":"wp","href":"https:\/\/api.w.org\/{rel}","templated":true}]}}