{"id":1402,"date":"2022-11-14T13:04:55","date_gmt":"2022-11-14T13:04:55","guid":{"rendered":"https:\/\/probatum-sun.de\/?page_id=1402"},"modified":"2022-11-29T09:27:50","modified_gmt":"2022-11-29T09:27:50","slug":"post-eeg-anlagen","status":"publish","type":"page","link":"https:\/\/probatum-sun.de\/index.php\/post-eeg-anlagen\/","title":{"rendered":"Post EEG Anlagen"},"content":{"rendered":"\t\t<div data-elementor-type=\"wp-page\" data-elementor-id=\"1402\" class=\"elementor elementor-1402\" data-elementor-post-type=\"page\">\n\t\t\t\t\t\t<section class=\"elementor-section elementor-top-section elementor-element elementor-element-27fa387 elementor-section-boxed elementor-section-height-default elementor-section-height-default\" data-id=\"27fa387\" data-element_type=\"section\" data-e-type=\"section\" data-settings=\"{&quot;background_background&quot;:&quot;classic&quot;}\">\n\t\t\t\t\t\t\t<div class=\"elementor-background-overlay\"><\/div>\n\t\t\t\t\t\t\t<div class=\"elementor-container elementor-column-gap-default\">\n\t\t\t\t\t<div class=\"elementor-column elementor-col-100 elementor-top-column elementor-element elementor-element-c1674da\" data-id=\"c1674da\" data-element_type=\"column\" data-e-type=\"column\">\n\t\t\t<div class=\"elementor-widget-wrap elementor-element-populated\">\n\t\t\t\t\t\t<div class=\"elementor-element elementor-element-2afbfb9 elementor-widget elementor-widget-heading\" data-id=\"2afbfb9\" data-element_type=\"widget\" data-e-type=\"widget\" data-widget_type=\"heading.default\">\n\t\t\t\t<div class=\"elementor-widget-container\">\n\t\t\t\t\t<h1 class=\"elementor-heading-title elementor-size-default\">Post EEG Anlagen<\/h1>\t\t\t\t<\/div>\n\t\t\t\t<\/div>\n\t\t\t\t<div class=\"elementor-element elementor-element-5cc2af6 elementor-widget__width-auto elementor-widget elementor-widget-jkit_button\" data-id=\"5cc2af6\" data-element_type=\"widget\" data-e-type=\"widget\" data-widget_type=\"jkit_button.default\">\n\t\t\t\t<div class=\"elementor-widget-container\">\n\t\t\t\t\t<div  class=\"jeg-elementor-kit jkit-button  icon-position-after jeg_module___69f57dbe0e429\" ><a href=\"https:\/\/probatum-sun.de\/\" class=\"jkit-button-wrapper\">Home<i aria-hidden=\"true\" class=\"fas fa-chevron-right\"><\/i><\/a><\/div>\t\t\t\t<\/div>\n\t\t\t\t<\/div>\n\t\t\t\t<div class=\"elementor-element elementor-element-131dd4c elementor-widget__width-auto elementor-widget elementor-widget-heading\" data-id=\"131dd4c\" data-element_type=\"widget\" data-e-type=\"widget\" data-widget_type=\"heading.default\">\n\t\t\t\t<div class=\"elementor-widget-container\">\n\t\t\t\t\t<h2 class=\"elementor-heading-title elementor-size-default\">Post EEG Anlagen<\/h2>\t\t\t\t<\/div>\n\t\t\t\t<\/div>\n\t\t\t\t\t<\/div>\n\t\t<\/div>\n\t\t\t\t\t<\/div>\n\t\t<\/section>\n\t\t\t\t<section class=\"elementor-section elementor-top-section elementor-element elementor-element-623412e elementor-reverse-tablet elementor-reverse-mobile elementor-section-boxed elementor-section-height-default elementor-section-height-default\" data-id=\"623412e\" data-element_type=\"section\" data-e-type=\"section\">\n\t\t\t\t\t\t<div class=\"elementor-container elementor-column-gap-default\">\n\t\t\t\t\t<div class=\"elementor-column elementor-col-50 elementor-top-column elementor-element elementor-element-d716ed6\" data-id=\"d716ed6\" data-element_type=\"column\" data-e-type=\"column\">\n\t\t\t<div class=\"elementor-widget-wrap elementor-element-populated\">\n\t\t\t\t\t\t<section class=\"elementor-section elementor-inner-section elementor-element elementor-element-f0cf328 elementor-section-boxed elementor-section-height-default elementor-section-height-default\" data-id=\"f0cf328\" data-element_type=\"section\" data-e-type=\"section\" data-settings=\"{&quot;sticky&quot;:&quot;top&quot;,&quot;sticky_offset&quot;:50,&quot;sticky_parent&quot;:&quot;yes&quot;,&quot;sticky_on&quot;:[&quot;desktop&quot;,&quot;tablet&quot;,&quot;mobile&quot;],&quot;sticky_effects_offset&quot;:0,&quot;sticky_anchor_link_offset&quot;:0}\">\n\t\t\t\t\t\t<div class=\"elementor-container elementor-column-gap-default\">\n\t\t\t\t\t<div class=\"elementor-column elementor-col-100 elementor-inner-column elementor-element elementor-element-e79a5d8\" data-id=\"e79a5d8\" data-element_type=\"column\" data-e-type=\"column\" data-settings=\"{&quot;background_background&quot;:&quot;classic&quot;}\">\n\t\t\t<div class=\"elementor-widget-wrap elementor-element-populated\">\n\t\t\t\t\t\t<div class=\"elementor-element elementor-element-8a1b4f3 elementor-widget elementor-widget-heading\" data-id=\"8a1b4f3\" data-element_type=\"widget\" data-e-type=\"widget\" data-widget_type=\"heading.default\">\n\t\t\t\t<div class=\"elementor-widget-container\">\n\t\t\t\t\t<div class=\"elementor-heading-title elementor-size-default\">Ben\u00f6tigen Sie Hilfe?<\/div>\t\t\t\t<\/div>\n\t\t\t\t<\/div>\n\t\t\t\t<div class=\"elementor-element elementor-element-b961e1a elementor-widget elementor-widget-heading\" data-id=\"b961e1a\" data-element_type=\"widget\" data-e-type=\"widget\" data-widget_type=\"heading.default\">\n\t\t\t\t<div class=\"elementor-widget-container\">\n\t\t\t\t\t<div class=\"elementor-heading-title elementor-size-default\">Kontaktieren Sie uns<\/div>\t\t\t\t<\/div>\n\t\t\t\t<\/div>\n\t\t\t\t<div class=\"elementor-element elementor-element-8ba0657 jkit-equal-height-disable elementor-widget elementor-widget-jkit_icon_box\" data-id=\"8ba0657\" data-element_type=\"widget\" data-e-type=\"widget\" data-widget_type=\"jkit_icon_box.default\">\n\t\t\t\t<div class=\"elementor-widget-container\">\n\t\t\t\t\t<div  class=\"jeg-elementor-kit jkit-icon-box icon-position-left elementor-animation- jeg_module__1_69f57dbe11bdc\" ><a href=\"tel:%20%2009427%209591430\" class=\"icon-box-link\" aria-label=\"Learn More\"><div class=\"jkit-icon-box-wrapper hover-from-left\"><div class=\"icon-box icon-box-header elementor-animation-\"><div class=\"icon style-color\"><i aria-hidden=\"true\" class=\"jki jki-phone-handset-light\"><\/i><\/div><\/div><div class=\"icon-box icon-box-body\">\n                <h3 class=\"title\"> 09427 9591430<\/h3>\n            <\/div>\n            \n            <\/div><\/a><\/div>\t\t\t\t<\/div>\n\t\t\t\t<\/div>\n\t\t\t\t<div class=\"elementor-element elementor-element-22be202 jkit-equal-height-disable elementor-widget elementor-widget-jkit_icon_box\" data-id=\"22be202\" data-element_type=\"widget\" data-e-type=\"widget\" data-widget_type=\"jkit_icon_box.default\">\n\t\t\t\t<div class=\"elementor-widget-container\">\n\t\t\t\t\t<div  class=\"jeg-elementor-kit jkit-icon-box icon-position-left elementor-animation- jeg_module__2_69f57dbe12d67\" ><a href=\"mailto:%20%20info@probatum-sun.de\" class=\"icon-box-link\" aria-label=\"Learn More\"><div class=\"jkit-icon-box-wrapper hover-from-left\"><div class=\"icon-box icon-box-header elementor-animation-\"><div class=\"icon style-color\"><i aria-hidden=\"true\" class=\"icon icon-envelope2\"><\/i><\/div><\/div><div class=\"icon-box icon-box-body\">\n                <h3 class=\"title\"> info@probatum-sun.de<\/h3>\n            <\/div>\n            \n            <\/div><\/a><\/div>\t\t\t\t<\/div>\n\t\t\t\t<\/div>\n\t\t\t\t\t<\/div>\n\t\t<\/div>\n\t\t\t\t\t<\/div>\n\t\t<\/section>\n\t\t\t\t\t<\/div>\n\t\t<\/div>\n\t\t\t\t<div class=\"elementor-column elementor-col-50 elementor-top-column elementor-element elementor-element-78738fa\" data-id=\"78738fa\" data-element_type=\"column\" data-e-type=\"column\">\n\t\t\t<div class=\"elementor-widget-wrap elementor-element-populated\">\n\t\t\t\t\t\t<div class=\"elementor-element elementor-element-197c843 elementor-widget elementor-widget-gallery\" data-id=\"197c843\" data-element_type=\"widget\" data-e-type=\"widget\" data-settings=\"{&quot;columns&quot;:3,&quot;aspect_ratio&quot;:&quot;1:1&quot;,&quot;gallery_layout&quot;:&quot;grid&quot;,&quot;columns_tablet&quot;:2,&quot;columns_mobile&quot;:1,&quot;gap&quot;:{&quot;unit&quot;:&quot;px&quot;,&quot;size&quot;:10,&quot;sizes&quot;:[]},&quot;gap_tablet&quot;:{&quot;unit&quot;:&quot;px&quot;,&quot;size&quot;:10,&quot;sizes&quot;:[]},&quot;gap_mobile&quot;:{&quot;unit&quot;:&quot;px&quot;,&quot;size&quot;:10,&quot;sizes&quot;:[]},&quot;content_hover_animation&quot;:&quot;fade-in&quot;}\" data-widget_type=\"gallery.default\">\n\t\t\t\t<div class=\"elementor-widget-container\">\n\t\t\t\t\t\t\t<div class=\"elementor-gallery__container\">\n\t\t\t\t\t\t\t<div class=\"e-gallery-item elementor-gallery-item elementor-animated-content\">\n\t\t\t\t\t<div class=\"e-gallery-image elementor-gallery-item__image\" data-thumbnail=\"https:\/\/probatum-sun.de\/wp-content\/uploads\/2022\/11\/IMG_4235-768x576.jpg\" data-width=\"768\" data-height=\"576\" aria-label=\"\" role=\"img\" ><\/div>\n\t\t\t\t\t\t\t\t\t\t\t\t\t\t<\/div>\n\t\t\t\t\t\t\t<div class=\"e-gallery-item elementor-gallery-item elementor-animated-content\">\n\t\t\t\t\t<div class=\"e-gallery-image elementor-gallery-item__image\" data-thumbnail=\"https:\/\/probatum-sun.de\/wp-content\/uploads\/2022\/11\/IMG_4254-768x1024.jpg\" data-width=\"768\" data-height=\"1024\" aria-label=\"\" role=\"img\" ><\/div>\n\t\t\t\t\t\t\t\t\t\t\t\t\t\t<\/div>\n\t\t\t\t\t\t\t<div class=\"e-gallery-item elementor-gallery-item elementor-animated-content\">\n\t\t\t\t\t<div class=\"e-gallery-image elementor-gallery-item__image\" data-thumbnail=\"https:\/\/probatum-sun.de\/wp-content\/uploads\/2022\/11\/IMG_4253-768x576.jpg\" data-width=\"768\" data-height=\"576\" aria-label=\"\" role=\"img\" ><\/div>\n\t\t\t\t\t\t\t\t\t\t\t\t\t\t<\/div>\n\t\t\t\t\t<\/div>\n\t\t\t\t\t<\/div>\n\t\t\t\t<\/div>\n\t\t\t\t<div class=\"elementor-element elementor-element-258ed27 elementor-widget-divider--view-line elementor-widget elementor-widget-divider\" data-id=\"258ed27\" data-element_type=\"widget\" data-e-type=\"widget\" data-widget_type=\"divider.default\">\n\t\t\t\t<div class=\"elementor-widget-container\">\n\t\t\t\t\t\t\t<div class=\"elementor-divider\">\n\t\t\t<span class=\"elementor-divider-separator\">\n\t\t\t\t\t\t<\/span>\n\t\t<\/div>\n\t\t\t\t\t\t<\/div>\n\t\t\t\t<\/div>\n\t\t\t\t<div class=\"elementor-element elementor-element-2a811ad elementor-widget elementor-widget-heading\" data-id=\"2a811ad\" data-element_type=\"widget\" data-e-type=\"widget\" data-widget_type=\"heading.default\">\n\t\t\t\t<div class=\"elementor-widget-container\">\n\t\t\t\t\t<h2 class=\"elementor-heading-title elementor-size-default\">Ihre Post EEG Anlagen in Straubing und Umgebung\u00a0<\/h2>\t\t\t\t<\/div>\n\t\t\t\t<\/div>\n\t\t\t\t<div class=\"elementor-element elementor-element-ee8eddc elementor-widget elementor-widget-text-editor\" data-id=\"ee8eddc\" data-element_type=\"widget\" data-e-type=\"widget\" data-widget_type=\"text-editor.default\">\n\t\t\t\t<div class=\"elementor-widget-container\">\n\t\t\t\t\t\t\t\t\t<p style=\"font-weight: 400;\">Die ersten rund 18000 Photovoltaikanlagen haben das Ende des gesetzlichen Verg\u00fctungszeitraums zum 31.12.2021 bereits erreicht, zum Ende diesen Jahres werden etwa weitere 23000 hinzukommen. Der Gesetzgeber hat, nachdem die Anlagen weiterhin dem EEG unterliegen, f\u00fcr diese den Begriff \u201ePost EEG Anlagen\u201c begr\u00fcndet.<\/p><p style=\"font-weight: 400;\">Die meisten dieser Anlagen laufen noch immer zuverl\u00e4ssig und k\u00f6nnten noch weiter saubere Energie erzeugen. Ein Anlagencheck ist jedoch dringend anzuraten, um den tats\u00e4chlichen Zustand der Photovoltaikanlage beurteilen zu k\u00f6nnen, und damit eine Entscheidungsgrundlage f\u00fcr den Anlagenbetreiber zu haben, welche der folgenden M\u00f6glichkeiten f\u00fcr ihn die beste Option darstellt.<\/p><ol style=\"font-weight: 400;\"><li>Weiterbetrieb der Anlage ohne \u00c4nderung- zun\u00e4chst bis 2027 \u2013 Verg\u00fctungsh\u00f6he zum Marktwert Solar<\/li><li>Umr\u00fcstung der PV-Anlage auf Eigenverbrauch ohne Ver\u00e4nderung mit Bestandsschutz 25-30% nat\u00fcrlicher Eigenverbrauch<\/li><li>Umr\u00fcstung der PV-Anlage auf Eigenverbrauch und Aufr\u00fcstung mit einer Speicherl\u00f6sung zur Erh\u00f6hung des Eigenverbrauchs 50-75%<\/li><li>Revamping, also \u00dcberarbeitung der Anlage \u2013 z.B. Wechselrichter erneuern, Verkabelung erneuern usw., neue Normen wie \u00dcberspannungsschutz einhalten, Sicherheit erh\u00f6hen<\/li><li>Komplette, leistungsf\u00e4higere Neuanlage errichten unter Nutzung der bestehenden Installationsvoraussetzungen (Montagegestell, Kabelwege, Kabel), sofern m\u00f6glich<\/li><li>R\u00fcckbau bzw. Au\u00dferbetriebsetzung \u2013 Abmeldung beim Netzbetreiber und Abmeldung vom Marktstammdatenregister<\/li><\/ol><p>\u00a0<\/p><p style=\"font-weight: 400;\">Auch in diesem Teilbereich gibt es viele Aspekte zu \u00fcberlegen. Welchen Verbrauch habe ich in der Zukunft? M\u00f6chte ich noch mal investieren? Reicht die Gr\u00f6\u00dfe meiner alten Anlage f\u00fcr meinen Eigenverbrauch aus? Soll ich einen Speicher nachr\u00fcsten? Werde ich ein E-Auto laden k\u00f6nnen? Welches Heizungssystem ist f\u00fcr mein Haus in Zukunft vorgesehen? Welchen Nutzungszeitraum am Standort muss ich bedenken?<\/p><p style=\"font-weight: 400;\">Erfreulicherweise sind viele Erleichterungen rund um B\u00fcrokratie und Steuern vom EEG 2023 und dem Jahressteuergesetz 2022 zu erwarten, sodass der Betrieb von PV Anlagen bis 30 kWp f\u00fcr private Betreiber\u00a0<strong>wesentlich<\/strong>\u00a0<strong>erleichtert\u00a0<\/strong>werden wird.<\/p>\t\t\t\t\t\t\t\t<\/div>\n\t\t\t\t<\/div>\n\t\t\t\t<div class=\"elementor-element elementor-element-e7f39e2 elementor-widget elementor-widget-text-editor\" data-id=\"e7f39e2\" data-element_type=\"widget\" data-e-type=\"widget\" data-widget_type=\"text-editor.default\">\n\t\t\t\t<div class=\"elementor-widget-container\">\n\t\t\t\t\t\t\t\t\t<p style=\"font-weight: 400;\">Quelle Umweltbundesamt:<\/p>\t\t\t\t\t\t\t\t<\/div>\n\t\t\t\t<\/div>\n\t\t\t\t<div class=\"elementor-element elementor-element-2457fda elementor-widget elementor-widget-image\" data-id=\"2457fda\" data-element_type=\"widget\" data-e-type=\"widget\" data-widget_type=\"image.default\">\n\t\t\t\t<div class=\"elementor-widget-container\">\n\t\t\t\t\t\t\t\t\t\t\t\t\t\t\t<img fetchpriority=\"high\" decoding=\"async\" width=\"800\" height=\"654\" src=\"https:\/\/probatum-sun.de\/wp-content\/uploads\/2022\/11\/image006.png\" class=\"attachment-large size-large wp-image-1405\" alt=\"\" srcset=\"https:\/\/probatum-sun.de\/wp-content\/uploads\/2022\/11\/image006.png 805w, https:\/\/probatum-sun.de\/wp-content\/uploads\/2022\/11\/image006-300x245.png 300w, https:\/\/probatum-sun.de\/wp-content\/uploads\/2022\/11\/image006-768x628.png 768w\" sizes=\"(max-width: 800px) 100vw, 800px\" \/>\t\t\t\t\t\t\t\t\t\t\t\t\t\t\t<\/div>\n\t\t\t\t<\/div>\n\t\t\t\t\t<\/div>\n\t\t<\/div>\n\t\t\t\t\t<\/div>\n\t\t<\/section>\n\t\t\t\t<\/div>\n\t\t","protected":false},"excerpt":{"rendered":"<p>Post EEG Anlagen Home Post EEG Anlagen Ben\u00f6tigen Sie Hilfe? Kontaktieren Sie uns 09427 9591430 info@probatum-sun.de Ihre Post EEG Anlagen in Straubing und Umgebung\u00a0 Die ersten rund 18000 Photovoltaikanlagen haben das Ende des gesetzlichen Verg\u00fctungszeitraums zum 31.12.2021 bereits erreicht, zum Ende diesen Jahres werden etwa weitere 23000 hinzukommen. Der Gesetzgeber hat, nachdem die Anlagen weiterhin [&hellip;]<\/p>\n","protected":false},"author":1,"featured_media":0,"parent":0,"menu_order":0,"comment_status":"closed","ping_status":"closed","template":"elementor_header_footer","meta":{"footnotes":""},"class_list":["post-1402","page","type-page","status-publish","hentry"],"yoast_head":"<!-- This site is optimized with the Yoast SEO plugin v27.5 - https:\/\/yoast.com\/product\/yoast-seo-wordpress\/ -->\n<title>Post EEG Anlagen - Probatum Sun<\/title>\n<meta name=\"robots\" content=\"index, follow, max-snippet:-1, max-image-preview:large, max-video-preview:-1\" \/>\n<link rel=\"canonical\" href=\"https:\/\/probatum-sun.de\/index.php\/post-eeg-anlagen\/\" \/>\n<meta property=\"og:locale\" content=\"de_DE\" \/>\n<meta property=\"og:type\" content=\"article\" \/>\n<meta property=\"og:title\" content=\"Post EEG Anlagen - Probatum Sun\" \/>\n<meta property=\"og:description\" content=\"Post EEG Anlagen Home Post EEG Anlagen Ben\u00f6tigen Sie Hilfe? Kontaktieren Sie uns 09427 9591430 info@probatum-sun.de Ihre Post EEG Anlagen in Straubing und Umgebung\u00a0 Die ersten rund 18000 Photovoltaikanlagen haben das Ende des gesetzlichen Verg\u00fctungszeitraums zum 31.12.2021 bereits erreicht, zum Ende diesen Jahres werden etwa weitere 23000 hinzukommen. Der Gesetzgeber hat, nachdem die Anlagen weiterhin [&hellip;]\" \/>\n<meta property=\"og:url\" content=\"https:\/\/probatum-sun.de\/index.php\/post-eeg-anlagen\/\" \/>\n<meta property=\"og:site_name\" content=\"Probatum Sun\" \/>\n<meta property=\"article:modified_time\" content=\"2022-11-29T09:27:50+00:00\" \/>\n<meta property=\"og:image\" content=\"https:\/\/probatum-sun.de\/wp-content\/uploads\/2022\/11\/image006.png\" \/>\n<meta name=\"twitter:card\" content=\"summary_large_image\" \/>\n<meta name=\"twitter:label1\" content=\"Gesch\u00e4tzte Lesezeit\" \/>\n\t<meta name=\"twitter:data1\" content=\"2\u00a0Minuten\" \/>\n<script type=\"application\/ld+json\" class=\"yoast-schema-graph\">{\"@context\":\"https:\\\/\\\/schema.org\",\"@graph\":[{\"@type\":\"WebPage\",\"@id\":\"https:\\\/\\\/probatum-sun.de\\\/index.php\\\/post-eeg-anlagen\\\/\",\"url\":\"https:\\\/\\\/probatum-sun.de\\\/index.php\\\/post-eeg-anlagen\\\/\",\"name\":\"Post EEG Anlagen - Probatum Sun\",\"isPartOf\":{\"@id\":\"https:\\\/\\\/probatum-sun.de\\\/#website\"},\"primaryImageOfPage\":{\"@id\":\"https:\\\/\\\/probatum-sun.de\\\/index.php\\\/post-eeg-anlagen\\\/#primaryimage\"},\"image\":{\"@id\":\"https:\\\/\\\/probatum-sun.de\\\/index.php\\\/post-eeg-anlagen\\\/#primaryimage\"},\"thumbnailUrl\":\"https:\\\/\\\/probatum-sun.de\\\/wp-content\\\/uploads\\\/2022\\\/11\\\/image006.png\",\"datePublished\":\"2022-11-14T13:04:55+00:00\",\"dateModified\":\"2022-11-29T09:27:50+00:00\",\"breadcrumb\":{\"@id\":\"https:\\\/\\\/probatum-sun.de\\\/index.php\\\/post-eeg-anlagen\\\/#breadcrumb\"},\"inLanguage\":\"de\",\"potentialAction\":[{\"@type\":\"ReadAction\",\"target\":[\"https:\\\/\\\/probatum-sun.de\\\/index.php\\\/post-eeg-anlagen\\\/\"]}]},{\"@type\":\"ImageObject\",\"inLanguage\":\"de\",\"@id\":\"https:\\\/\\\/probatum-sun.de\\\/index.php\\\/post-eeg-anlagen\\\/#primaryimage\",\"url\":\"https:\\\/\\\/probatum-sun.de\\\/wp-content\\\/uploads\\\/2022\\\/11\\\/image006.png\",\"contentUrl\":\"https:\\\/\\\/probatum-sun.de\\\/wp-content\\\/uploads\\\/2022\\\/11\\\/image006.png\",\"width\":805,\"height\":658},{\"@type\":\"BreadcrumbList\",\"@id\":\"https:\\\/\\\/probatum-sun.de\\\/index.php\\\/post-eeg-anlagen\\\/#breadcrumb\",\"itemListElement\":[{\"@type\":\"ListItem\",\"position\":1,\"name\":\"Startseite\",\"item\":\"https:\\\/\\\/probatum-sun.de\\\/\"},{\"@type\":\"ListItem\",\"position\":2,\"name\":\"Post EEG Anlagen\"}]},{\"@type\":\"WebSite\",\"@id\":\"https:\\\/\\\/probatum-sun.de\\\/#website\",\"url\":\"https:\\\/\\\/probatum-sun.de\\\/\",\"name\":\"Probatum Sun\",\"description\":\"Photovoltaik in Straubing.\",\"publisher\":{\"@id\":\"https:\\\/\\\/probatum-sun.de\\\/#organization\"},\"potentialAction\":[{\"@type\":\"SearchAction\",\"target\":{\"@type\":\"EntryPoint\",\"urlTemplate\":\"https:\\\/\\\/probatum-sun.de\\\/?s={search_term_string}\"},\"query-input\":{\"@type\":\"PropertyValueSpecification\",\"valueRequired\":true,\"valueName\":\"search_term_string\"}}],\"inLanguage\":\"de\"},{\"@type\":\"Organization\",\"@id\":\"https:\\\/\\\/probatum-sun.de\\\/#organization\",\"name\":\"Probatum Sun\",\"url\":\"https:\\\/\\\/probatum-sun.de\\\/\",\"logo\":{\"@type\":\"ImageObject\",\"inLanguage\":\"de\",\"@id\":\"https:\\\/\\\/probatum-sun.de\\\/#\\\/schema\\\/logo\\\/image\\\/\",\"url\":\"https:\\\/\\\/probatum-sun.de\\\/wp-content\\\/uploads\\\/2022\\\/05\\\/ProbatumSun_energy_logo.svg\",\"contentUrl\":\"https:\\\/\\\/probatum-sun.de\\\/wp-content\\\/uploads\\\/2022\\\/05\\\/ProbatumSun_energy_logo.svg\",\"width\":878,\"height\":376,\"caption\":\"Probatum Sun\"},\"image\":{\"@id\":\"https:\\\/\\\/probatum-sun.de\\\/#\\\/schema\\\/logo\\\/image\\\/\"}}]}<\/script>\n<!-- \/ Yoast SEO plugin. -->","yoast_head_json":{"title":"Post EEG Anlagen - Probatum Sun","robots":{"index":"index","follow":"follow","max-snippet":"max-snippet:-1","max-image-preview":"max-image-preview:large","max-video-preview":"max-video-preview:-1"},"canonical":"https:\/\/probatum-sun.de\/index.php\/post-eeg-anlagen\/","og_locale":"de_DE","og_type":"article","og_title":"Post EEG Anlagen - Probatum Sun","og_description":"Post EEG Anlagen Home Post EEG Anlagen Ben\u00f6tigen Sie Hilfe? Kontaktieren Sie uns 09427 9591430 info@probatum-sun.de Ihre Post EEG Anlagen in Straubing und Umgebung\u00a0 Die ersten rund 18000 Photovoltaikanlagen haben das Ende des gesetzlichen Verg\u00fctungszeitraums zum 31.12.2021 bereits erreicht, zum Ende diesen Jahres werden etwa weitere 23000 hinzukommen. Der Gesetzgeber hat, nachdem die Anlagen weiterhin [&hellip;]","og_url":"https:\/\/probatum-sun.de\/index.php\/post-eeg-anlagen\/","og_site_name":"Probatum Sun","article_modified_time":"2022-11-29T09:27:50+00:00","og_image":[{"url":"https:\/\/probatum-sun.de\/wp-content\/uploads\/2022\/11\/image006.png","type":"","width":"","height":""}],"twitter_card":"summary_large_image","twitter_misc":{"Gesch\u00e4tzte Lesezeit":"2\u00a0Minuten"},"schema":{"@context":"https:\/\/schema.org","@graph":[{"@type":"WebPage","@id":"https:\/\/probatum-sun.de\/index.php\/post-eeg-anlagen\/","url":"https:\/\/probatum-sun.de\/index.php\/post-eeg-anlagen\/","name":"Post EEG Anlagen - Probatum Sun","isPartOf":{"@id":"https:\/\/probatum-sun.de\/#website"},"primaryImageOfPage":{"@id":"https:\/\/probatum-sun.de\/index.php\/post-eeg-anlagen\/#primaryimage"},"image":{"@id":"https:\/\/probatum-sun.de\/index.php\/post-eeg-anlagen\/#primaryimage"},"thumbnailUrl":"https:\/\/probatum-sun.de\/wp-content\/uploads\/2022\/11\/image006.png","datePublished":"2022-11-14T13:04:55+00:00","dateModified":"2022-11-29T09:27:50+00:00","breadcrumb":{"@id":"https:\/\/probatum-sun.de\/index.php\/post-eeg-anlagen\/#breadcrumb"},"inLanguage":"de","potentialAction":[{"@type":"ReadAction","target":["https:\/\/probatum-sun.de\/index.php\/post-eeg-anlagen\/"]}]},{"@type":"ImageObject","inLanguage":"de","@id":"https:\/\/probatum-sun.de\/index.php\/post-eeg-anlagen\/#primaryimage","url":"https:\/\/probatum-sun.de\/wp-content\/uploads\/2022\/11\/image006.png","contentUrl":"https:\/\/probatum-sun.de\/wp-content\/uploads\/2022\/11\/image006.png","width":805,"height":658},{"@type":"BreadcrumbList","@id":"https:\/\/probatum-sun.de\/index.php\/post-eeg-anlagen\/#breadcrumb","itemListElement":[{"@type":"ListItem","position":1,"name":"Startseite","item":"https:\/\/probatum-sun.de\/"},{"@type":"ListItem","position":2,"name":"Post EEG Anlagen"}]},{"@type":"WebSite","@id":"https:\/\/probatum-sun.de\/#website","url":"https:\/\/probatum-sun.de\/","name":"Probatum Sun","description":"Photovoltaik in Straubing.","publisher":{"@id":"https:\/\/probatum-sun.de\/#organization"},"potentialAction":[{"@type":"SearchAction","target":{"@type":"EntryPoint","urlTemplate":"https:\/\/probatum-sun.de\/?s={search_term_string}"},"query-input":{"@type":"PropertyValueSpecification","valueRequired":true,"valueName":"search_term_string"}}],"inLanguage":"de"},{"@type":"Organization","@id":"https:\/\/probatum-sun.de\/#organization","name":"Probatum Sun","url":"https:\/\/probatum-sun.de\/","logo":{"@type":"ImageObject","inLanguage":"de","@id":"https:\/\/probatum-sun.de\/#\/schema\/logo\/image\/","url":"https:\/\/probatum-sun.de\/wp-content\/uploads\/2022\/05\/ProbatumSun_energy_logo.svg","contentUrl":"https:\/\/probatum-sun.de\/wp-content\/uploads\/2022\/05\/ProbatumSun_energy_logo.svg","width":878,"height":376,"caption":"Probatum Sun"},"image":{"@id":"https:\/\/probatum-sun.de\/#\/schema\/logo\/image\/"}}]}},"_links":{"self":[{"href":"https:\/\/probatum-sun.de\/index.php\/wp-json\/wp\/v2\/pages\/1402","targetHints":{"allow":["GET"]}}],"collection":[{"href":"https:\/\/probatum-sun.de\/index.php\/wp-json\/wp\/v2\/pages"}],"about":[{"href":"https:\/\/probatum-sun.de\/index.php\/wp-json\/wp\/v2\/types\/page"}],"author":[{"embeddable":true,"href":"https:\/\/probatum-sun.de\/index.php\/wp-json\/wp\/v2\/users\/1"}],"replies":[{"embeddable":true,"href":"https:\/\/probatum-sun.de\/index.php\/wp-json\/wp\/v2\/comments?post=1402"}],"version-history":[{"count":5,"href":"https:\/\/probatum-sun.de\/index.php\/wp-json\/wp\/v2\/pages\/1402\/revisions"}],"predecessor-version":[{"id":1570,"href":"https:\/\/probatum-sun.de\/index.php\/wp-json\/wp\/v2\/pages\/1402\/revisions\/1570"}],"wp:attachment":[{"href":"https:\/\/probatum-sun.de\/index.php\/wp-json\/wp\/v2\/media?parent=1402"}],"curies":[{"name":"wp","href":"https:\/\/api.w.org\/{rel}","templated":true}]}}